{"id":584,"date":"2020-04-01T10:05:58","date_gmt":"2020-04-01T10:05:58","guid":{"rendered":"https:\/\/dentestet.md\/implant-chisinau-totalfix\/tehnologia-totalfix\/"},"modified":"2021-06-27T16:30:31","modified_gmt":"2021-06-27T14:30:31","slug":"tehnologia-totalfix","status":"publish","type":"page","link":"https:\/\/dentestet.md\/implant-chisinau-totalfix\/ru\/tehnologia-totalfix\/","title":{"rendered":"Acas\u0103"},"content":{"rendered":"","protected":false},"excerpt":{"rendered":"","protected":false},"author":1,"featured_media":465,"parent":0,"menu_order":0,"comment_status":"closed","ping_status":"open","template":"templates\/page-homepage.php","meta":[],"yoast_head":"<!-- This site is optimized with the Yoast SEO Premium plugin v15.0 - https:\/\/yoast.com\/wordpress\/plugins\/seo\/ -->\n<title>Servicii de chirurgie, implantologie \u0219i estetic\u0103 dentar\u0103 \u00een Chi\u0219in\u0103u<\/title>\n<meta name=\"description\" content=\"La DentEstet Chi\u0219in\u0103u, costurile pentru implantul dentar sunt cu 30% mai mici dec\u00e2t \u00een Rom\u00e2nia! Pacien\u021bii beneficiaz\u0103 de dantur\u0103 fix\u0103 \u00een maxim 72 ore.\" \/>\n<meta name=\"robots\" content=\"index, follow, max-snippet:-1, max-image-preview:large, max-video-preview:-1\" \/>\n<link rel=\"canonical\" href=\"https:\/\/dentestet.md\/implant-chisinau-totalfix\/?lang=ru\" \/>\n<meta property=\"og:locale\" content=\"ro_RO\" \/>\n<meta property=\"og:type\" content=\"article\" \/>\n<meta property=\"og:title\" content=\"Servicii de chirurgie, implantologie \u0219i estetic\u0103 dentar\u0103 \u00een Chi\u0219in\u0103u\" \/>\n<meta property=\"og:description\" content=\"Costurile pentru implantul dentar sunt cu 30% mai mici dec\u00e2t \u00een Rom\u00e2nia! Oferim certificat!\" \/>\n<meta property=\"og:url\" content=\"https:\/\/dentestet.md\/implant-chisinau-totalfix\/?lang=ru\" \/>\n<meta property=\"og:site_name\" content=\"Dent Estet\" \/>\n<meta property=\"article:modified_time\" content=\"2021-06-27T14:30:31+00:00\" \/>\n<meta property=\"og:image\" content=\"https:\/\/dentestet.md\/implant-chisinau-totalfix\/wp-content\/uploads\/2020\/10\/dentar3.jpg\" \/>\n\t<meta property=\"og:image:width\" content=\"637\" \/>\n\t<meta property=\"og:image:height\" content=\"410\" \/>\n<meta property=\"fb:app_id\" content=\"631433990365101\" \/>\n<meta name=\"twitter:card\" content=\"summary_large_image\" \/>\n<meta name=\"twitter:title\" content=\"Servicii de chirurgie, implantologie \u0219i estetic\u0103 dentar\u0103 \u00een Chi\u0219in\u0103u\" \/>\n<meta name=\"twitter:description\" content=\"La DentEstet Chi\u0219in\u0103u, costurile pentru implantul dentar sunt cu 25% mai mici dec\u00e2t \u00een Rom\u00e2nia! Pacien\u021bii beneficiaz\u0103 de dantur\u0103 fix\u0103 \u00een maxim 72 ore.\" \/>\n<script type=\"application\/ld+json\" class=\"yoast-schema-graph\">{\"@context\":\"https:\/\/schema.org\",\"@graph\":[{\"@type\":\"WebSite\",\"@id\":\"https:\/\/dentestet.md\/implant-chisinau-totalfix\/#website\",\"url\":\"https:\/\/dentestet.md\/implant-chisinau-totalfix\/\",\"name\":\"Dent Estet\",\"description\":\"Servicii de chirurgie, implantologie \\u0219i estetic\\u0103 dentar\\u0103 \\u00een Chi\\u0219in\\u0103u\",\"potentialAction\":[{\"@type\":\"SearchAction\",\"target\":\"https:\/\/dentestet.md\/implant-chisinau-totalfix\/?s={search_term_string}\",\"query-input\":\"required name=search_term_string\"}],\"inLanguage\":\"ro-RO\"},{\"@type\":\"ImageObject\",\"@id\":\"https:\/\/dentestet.md\/implant-chisinau-totalfix\/?lang=ru#primaryimage\",\"inLanguage\":\"ro-RO\",\"url\":\"https:\/\/dentestet.md\/implant-chisinau-totalfix\/wp-content\/uploads\/2020\/10\/dentar3.jpg\",\"width\":637,\"height\":410},{\"@type\":\"WebPage\",\"@id\":\"https:\/\/dentestet.md\/implant-chisinau-totalfix\/?lang=ru#webpage\",\"url\":\"https:\/\/dentestet.md\/implant-chisinau-totalfix\/?lang=ru\",\"name\":\"Servicii de chirurgie, implantologie \\u0219i estetic\\u0103 dentar\\u0103 \\u00een Chi\\u0219in\\u0103u\",\"isPartOf\":{\"@id\":\"https:\/\/dentestet.md\/implant-chisinau-totalfix\/#website\"},\"primaryImageOfPage\":{\"@id\":\"https:\/\/dentestet.md\/implant-chisinau-totalfix\/?lang=ru#primaryimage\"},\"datePublished\":\"2020-04-01T10:05:58+00:00\",\"dateModified\":\"2021-06-27T14:30:31+00:00\",\"description\":\"La DentEstet Chi\\u0219in\\u0103u, costurile pentru implantul dentar sunt cu 30% mai mici dec\\u00e2t \\u00een Rom\\u00e2nia! Pacien\\u021bii beneficiaz\\u0103 de dantur\\u0103 fix\\u0103 \\u00een maxim 72 ore.\",\"inLanguage\":\"ro-RO\",\"potentialAction\":[{\"@type\":\"ReadAction\",\"target\":[\"https:\/\/dentestet.md\/implant-chisinau-totalfix\/?lang=ru\"]}]}]}<\/script>\n<!-- \/ Yoast SEO Premium plugin. -->","_links":{"self":[{"href":"https:\/\/dentestet.md\/implant-chisinau-totalfix\/wp-json\/wp\/v2\/pages\/584"}],"collection":[{"href":"https:\/\/dentestet.md\/implant-chisinau-totalfix\/wp-json\/wp\/v2\/pages"}],"about":[{"href":"https:\/\/dentestet.md\/implant-chisinau-totalfix\/wp-json\/wp\/v2\/types\/page"}],"author":[{"embeddable":true,"href":"https:\/\/dentestet.md\/implant-chisinau-totalfix\/wp-json\/wp\/v2\/users\/1"}],"replies":[{"embeddable":true,"href":"https:\/\/dentestet.md\/implant-chisinau-totalfix\/wp-json\/wp\/v2\/comments?post=584"}],"version-history":[{"count":15,"href":"https:\/\/dentestet.md\/implant-chisinau-totalfix\/wp-json\/wp\/v2\/pages\/584\/revisions"}],"predecessor-version":[{"id":603,"href":"https:\/\/dentestet.md\/implant-chisinau-totalfix\/wp-json\/wp\/v2\/pages\/584\/revisions\/603"}],"wp:featuredmedia":[{"embeddable":true,"href":"https:\/\/dentestet.md\/implant-chisinau-totalfix\/wp-json\/wp\/v2\/media\/465"}],"wp:attachment":[{"href":"https:\/\/dentestet.md\/implant-chisinau-totalfix\/wp-json\/wp\/v2\/media?parent=584"}],"curies":[{"name":"wp","href":"https:\/\/api.w.org\/{rel}","templated":true}]}}